{"id":1153,"date":"2025-08-18T11:45:57","date_gmt":"2025-08-18T11:45:57","guid":{"rendered":"https:\/\/edelmetallshop-wuerzburg.de\/?page_id=1153"},"modified":"2025-08-18T11:51:10","modified_gmt":"2025-08-18T11:51:10","slug":"test-1","status":"publish","type":"page","link":"https:\/\/edelmetallshop-wuerzburg.de\/index.php\/test-1\/","title":{"rendered":"test-1"},"content":{"rendered":"\t\t<div data-elementor-type=\"wp-page\" data-elementor-id=\"1153\" class=\"elementor elementor-1153\" data-elementor-post-type=\"page\">\n\t\t\t\t<div class=\"elementor-element elementor-element-ad93e25 e-flex e-con-boxed e-con e-parent\" data-id=\"ad93e25\" data-element_type=\"container\" data-settings=\"{&quot;background_background&quot;:&quot;classic&quot;}\">\n\t\t\t\t\t<div class=\"e-con-inner\">\n\t\t<div class=\"elementor-element elementor-element-767ef8e e-con-full e-flex e-con e-child\" data-id=\"767ef8e\" data-element_type=\"container\">\n\t\t\t\t<div class=\"elementor-element elementor-element-1384715 elementor-widget elementor-widget-image\" data-id=\"1384715\" data-element_type=\"widget\" data-widget_type=\"image.default\">\n\t\t\t\t<div class=\"elementor-widget-container\">\n\t\t\t\t\t\t\t\t\t\t\t\t\t\t\t<img decoding=\"async\" width=\"91\" height=\"117\" src=\"https:\/\/edelmetallshop-wuerzburg.de\/wp-content\/uploads\/2024\/09\/Group-191.png\" class=\"attachment-full size-full wp-image-11\" alt=\"M unterstrichen Logo\" \/>\t\t\t\t\t\t\t\t\t\t\t\t\t\t\t<\/div>\n\t\t\t\t<\/div>\n\t\t\t\t<div class=\"elementor-element elementor-element-06f4c23 elementor-widget elementor-widget-heading\" data-id=\"06f4c23\" data-element_type=\"widget\" data-widget_type=\"heading.default\">\n\t\t\t\t<div class=\"elementor-widget-container\">\n\t\t\t\t\t<h1 class=\"elementor-heading-title elementor-size-default\">Lorem Ipsum<\/h1>\t\t\t\t<\/div>\n\t\t\t\t<\/div>\n\t\t\t\t<\/div>\n\t\t<div class=\"elementor-element elementor-element-a78ddef e-con-full e-flex e-con e-child\" data-id=\"a78ddef\" data-element_type=\"container\">\n\t\t\t\t<div class=\"elementor-element elementor-element-30d0879 elementor-widget elementor-widget-spacer\" data-id=\"30d0879\" data-element_type=\"widget\" data-widget_type=\"spacer.default\">\n\t\t\t\t<div class=\"elementor-widget-container\">\n\t\t\t\t\t\t\t<div class=\"elementor-spacer\">\n\t\t\t<div class=\"elementor-spacer-inner\"><\/div>\n\t\t<\/div>\n\t\t\t\t\t\t<\/div>\n\t\t\t\t<\/div>\n\t\t\t\t<\/div>\n\t\t\t\t\t<\/div>\n\t\t\t\t<\/div>\n\t\t\t\t<section class=\"elementor-section elementor-top-section elementor-element elementor-element-1c3adc40 elementor-section-boxed elementor-section-height-default elementor-section-height-default\" data-id=\"1c3adc40\" data-element_type=\"section\" data-settings=\"{&quot;background_background&quot;:&quot;classic&quot;}\">\n\t\t\t\t\t\t<div class=\"elementor-container elementor-column-gap-default\">\n\t\t\t\t\t<div class=\"elementor-column elementor-col-100 elementor-top-column elementor-element elementor-element-58348479\" data-id=\"58348479\" data-element_type=\"column\">\n\t\t\t<div class=\"elementor-widget-wrap elementor-element-populated\">\n\t\t\t\t\t\t<div class=\"elementor-element elementor-element-16432b37 elementor-widget__width-initial elementor-widget-tablet__width-initial elementor-widget-mobile__width-inherit elementor-widget elementor-widget-heading\" data-id=\"16432b37\" data-element_type=\"widget\" data-widget_type=\"heading.default\">\n\t\t\t\t<div class=\"elementor-widget-container\">\n\t\t\t\t\t<h2 class=\"elementor-heading-title elementor-size-default\">Lorem Ipsum<\/h2>\t\t\t\t<\/div>\n\t\t\t\t<\/div>\n\t\t\t\t<div class=\"elementor-element elementor-element-24444b18 elementor-widget__width-initial elementor-widget-mobile__width-inherit elementor-widget elementor-widget-text-editor\" data-id=\"24444b18\" data-element_type=\"widget\" data-widget_type=\"text-editor.default\">\n\t\t\t\t<div class=\"elementor-widget-container\">\n\t\t\t\t\t\t\t\t\t<p><strong>Lorem Ipsum<\/strong>\u00a0is simply dummy text of the printing and typesetting industry. Lorem Ipsum has been the industry&#8217;s standard dummy text ever since the 1500s, when an unknown printer took a galley of type and scrambled it to make a type specimen book. It has survived not only five centuries, but also the leap into electronic typesetting, remaining essentially unchanged. It was popularised in the 1960s with the release of Letraset sheets containing Lorem Ipsum passages, and more recently with desktop publishing software like Aldus PageMaker including versions of Lorem Ipsum.<\/p>\t\t\t\t\t\t\t\t<\/div>\n\t\t\t\t<\/div>\n\t\t\t\t\t<\/div>\n\t\t<\/div>\n\t\t\t\t\t<\/div>\n\t\t<\/section>\n\t\t<div class=\"elementor-element elementor-element-4d514ba e-flex e-con-boxed e-con e-parent\" data-id=\"4d514ba\" data-element_type=\"container\">\n\t\t\t\t\t<div class=\"e-con-inner\">\n\t\t\t\t<div class=\"elementor-element elementor-element-4df604d elementor-hidden-tablet elementor-hidden-mobile elementor-widget elementor-widget-html\" data-id=\"4df604d\" data-element_type=\"widget\" data-widget_type=\"html.default\">\n\t\t\t\t<div class=\"elementor-widget-container\">\n\t\t\t\t\t <div class=\"brlbs-cmpnt-container brlbs-cmpnt-content-blocker brlbs-cmpnt-with-individual-styles\" data-borlabs-cookie-content-blocker-id=\"default\" data-borlabs-cookie-content=\"PGlmcmFtZSBzcmM9Imh0dHBzOi8vbWV0YWxsb3J1bS5kZS9wcmVpc2xpc3RlbGF5b3V0ZXVyb3R3byIgc3R5bGU9IndpZHRoOiAxMDAlOyBoZWlnaHQ6IDI4MDBweDsgbWFyZ2luOiAwICFpbXBvcnRhbnQ7IHBhZGRpbmc6IDAgIWltcG9ydGFudDsiIGZyYW1lYm9yZGVyPSIwIiBhbGxvd3RyYW5zcGFyZW5jeT0idHJ1ZSIgc2Nyb2xsaW5nPSJubyIgYWxsb3dmdWxsc2NyZWVuPSIiPjwvaWZyYW1lPg==\"><div class=\"brlbs-cmpnt-cb-preset-a\"> <p class=\"brlbs-cmpnt-cb-description\">Sie sehen gerade einen Platzhalterinhalt von <strong>metallorum.de. Die angezeigten Preise werden tagesaktuell abgerufen<\/strong>. Um auf den eigentlichen Inhalt zuzugreifen, klicken Sie auf den Button unten. Bitte beachten Sie, dass dabei Daten an Drittanbieter weitergegeben werden.<\/p> <div class=\"brlbs-cmpnt-cb-buttons\"> <a class=\"brlbs-cmpnt-cb-btn\" href=\"#\" data-borlabs-cookie-unblock role=\"button\">Inhalt entsperren<\/a> <a class=\"brlbs-cmpnt-cb-btn\" href=\"#\" data-borlabs-cookie-accept-service role=\"button\" style=\"display: none\">Erforderlichen Service akzeptieren und Inhalte entsperren<\/a> <\/div> <a class=\"brlbs-cmpnt-cb-provider-toggle\" href=\"#\" data-borlabs-cookie-show-provider-information role=\"button\">Weitere Informationen<\/a> <\/div><\/div>\t\t\t\t<\/div>\n\t\t\t\t<\/div>\n\t\t\t\t<div class=\"elementor-element elementor-element-e8b471a elementor-hidden-desktop elementor-widget elementor-widget-html\" data-id=\"e8b471a\" data-element_type=\"widget\" data-widget_type=\"html.default\">\n\t\t\t\t<div class=\"elementor-widget-container\">\n\t\t\t\t\t <div class=\"brlbs-cmpnt-container brlbs-cmpnt-content-blocker brlbs-cmpnt-with-individual-styles\" data-borlabs-cookie-content-blocker-id=\"default\" data-borlabs-cookie-content=\"PGlmcmFtZSBzcmM9Imh0dHBzOi8vbWV0YWxsb3J1bS5kZS9wcmVpc2xpc3RlbGF5b3V0ZXVyb3R3byIgc3R5bGU9IndpZHRoOiAxMDAlOyBoZWlnaHQ6IDM4MDBweDsgbWFyZ2luOiAwICFpbXBvcnRhbnQ7IHBhZGRpbmc6IDAgIWltcG9ydGFudDsiIGZyYW1lYm9yZGVyPSIwIiBhbGxvd3RyYW5zcGFyZW5jeT0idHJ1ZSIgc2Nyb2xsaW5nPSJubyIgYWxsb3dmdWxsc2NyZWVuPSIiPjwvaWZyYW1lPg==\"><div class=\"brlbs-cmpnt-cb-preset-a\"> <p class=\"brlbs-cmpnt-cb-description\">Sie sehen gerade einen Platzhalterinhalt von <strong>metallorum.de. Die angezeigten Preise werden tagesaktuell abgerufen<\/strong>. Um auf den eigentlichen Inhalt zuzugreifen, klicken Sie auf den Button unten. Bitte beachten Sie, dass dabei Daten an Drittanbieter weitergegeben werden.<\/p> <div class=\"brlbs-cmpnt-cb-buttons\"> <a class=\"brlbs-cmpnt-cb-btn\" href=\"#\" data-borlabs-cookie-unblock role=\"button\">Inhalt entsperren<\/a> <a class=\"brlbs-cmpnt-cb-btn\" href=\"#\" data-borlabs-cookie-accept-service role=\"button\" style=\"display: none\">Erforderlichen Service akzeptieren und Inhalte entsperren<\/a> <\/div> <a class=\"brlbs-cmpnt-cb-provider-toggle\" href=\"#\" data-borlabs-cookie-show-provider-information role=\"button\">Weitere Informationen<\/a> <\/div><\/div>\t\t\t\t<\/div>\n\t\t\t\t<\/div>\n\t\t\t\t\t<\/div>\n\t\t\t\t<\/div>\n\t\t<div class=\"elementor-element elementor-element-22945e45 elementor-hidden-tablet elementor-hidden-mobile e-flex e-con-boxed e-con e-parent\" data-id=\"22945e45\" data-element_type=\"container\" data-settings=\"{&quot;background_background&quot;:&quot;classic&quot;}\">\n\t\t\t\t\t<div class=\"e-con-inner\">\n\t\t\t\t<div class=\"elementor-element elementor-element-b67924e elementor-widget elementor-widget-n-carousel\" data-id=\"b67924e\" data-element_type=\"widget\" data-settings=\"{&quot;carousel_items&quot;:[{&quot;slide_title&quot;:&quot;Slide #1&quot;,&quot;_id&quot;:&quot;e8b6a82&quot;},{&quot;slide_title&quot;:&quot;Slide #2&quot;,&quot;_id&quot;:&quot;e17b4ac&quot;},{&quot;slide_title&quot;:&quot;Slide #3&quot;,&quot;_id&quot;:&quot;5d9edf2&quot;},{&quot;slide_title&quot;:&quot;Slide #4&quot;,&quot;_id&quot;:&quot;ac340d4&quot;},{&quot;slide_title&quot;:&quot;Slide #4&quot;,&quot;_id&quot;:&quot;f5c8721&quot;},{&quot;slide_title&quot;:&quot;Slide #5&quot;,&quot;_id&quot;:&quot;6d62e9d&quot;},{&quot;slide_title&quot;:&quot;Slide #6&quot;,&quot;_id&quot;:&quot;ade93fd&quot;},{&quot;slide_title&quot;:&quot;Slide #7&quot;,&quot;_id&quot;:&quot;e93888a&quot;},{&quot;slide_title&quot;:&quot;Slide #8&quot;,&quot;_id&quot;:&quot;35b1881&quot;}],&quot;slides_to_show&quot;:&quot;4&quot;,&quot;autoplay_speed&quot;:3000,&quot;slides_to_show_tablet&quot;:&quot;4&quot;,&quot;slides_to_show_mobile&quot;:&quot;2&quot;,&quot;autoplay&quot;:&quot;yes&quot;,&quot;pause_on_hover&quot;:&quot;yes&quot;,&quot;pause_on_interaction&quot;:&quot;yes&quot;,&quot;infinite&quot;:&quot;yes&quot;,&quot;speed&quot;:500,&quot;offset_sides&quot;:&quot;none&quot;,&quot;image_spacing_custom&quot;:{&quot;unit&quot;:&quot;px&quot;,&quot;size&quot;:10,&quot;sizes&quot;:[]},&quot;image_spacing_custom_tablet&quot;:{&quot;unit&quot;:&quot;px&quot;,&quot;size&quot;:&quot;&quot;,&quot;sizes&quot;:[]},&quot;image_spacing_custom_mobile&quot;:{&quot;unit&quot;:&quot;px&quot;,&quot;size&quot;:&quot;&quot;,&quot;sizes&quot;:[]}}\" data-widget_type=\"nested-carousel.default\">\n\t\t\t\t<div class=\"elementor-widget-container\">\n\t\t\t\t\t\t\t<div class=\"e-n-carousel swiper\" role=\"region\" aria-roledescription=\"carousel\" aria-label=\"Karussell\" dir=\"ltr\">\n\t\t\t<div class=\"swiper-wrapper\" aria-live=\"off\">\n\t\t\t\t\t\t\t\t\t\t<div class=\"swiper-slide\" data-slide=\"1\" role=\"group\" aria-roledescription=\"slide\" aria-label=\"1 von 9\">\n\t\t\t\t\t\t\t<div class=\"elementor-element elementor-element-3ec7410 e-flex e-con-boxed e-con e-child\" data-id=\"3ec7410\" data-element_type=\"container\">\n\t\t\t\t\t<div class=\"e-con-inner\">\n\t\t\t\t<div class=\"elementor-element elementor-element-34a88014 elementor-widget elementor-widget-image\" data-id=\"34a88014\" data-element_type=\"widget\" data-widget_type=\"image.default\">\n\t\t\t\t<div class=\"elementor-widget-container\">\n\t\t\t\t\t\t\t\t\t\t\t\t\t\t\t<img decoding=\"async\" width=\"186\" height=\"186\" src=\"https:\/\/edelmetallshop-wuerzburg.de\/wp-content\/uploads\/2024\/09\/yMyUhUwPxIdPUSDLcs952lK4zebqNcuWemXbOX9a.png\" class=\"attachment-full size-full wp-image-61\" alt=\"The Royal Mint\" srcset=\"https:\/\/edelmetallshop-wuerzburg.de\/wp-content\/uploads\/2024\/09\/yMyUhUwPxIdPUSDLcs952lK4zebqNcuWemXbOX9a.png 186w, https:\/\/edelmetallshop-wuerzburg.de\/wp-content\/uploads\/2024\/09\/yMyUhUwPxIdPUSDLcs952lK4zebqNcuWemXbOX9a-150x150.png 150w\" sizes=\"(max-width: 186px) 100vw, 186px\" \/>\t\t\t\t\t\t\t\t\t\t\t\t\t\t\t<\/div>\n\t\t\t\t<\/div>\n\t\t\t\t\t<\/div>\n\t\t\t\t<\/div>\n\t\t\t\t\t\t\t\t<\/div>\n\t\t\t\t\t\t\t\t\t\t\t<div class=\"swiper-slide\" data-slide=\"2\" role=\"group\" aria-roledescription=\"slide\" aria-label=\"2 von 9\">\n\t\t\t\t\t\t\t<div class=\"elementor-element elementor-element-34160072 e-flex e-con-boxed e-con e-child\" data-id=\"34160072\" data-element_type=\"container\">\n\t\t\t\t\t<div class=\"e-con-inner\">\n\t\t\t\t<div class=\"elementor-element elementor-element-34272e57 elementor-widget elementor-widget-image\" data-id=\"34272e57\" data-element_type=\"widget\" data-widget_type=\"image.default\">\n\t\t\t\t<div class=\"elementor-widget-container\">\n\t\t\t\t\t\t\t\t\t\t\t\t\t\t\t<img decoding=\"async\" width=\"186\" height=\"186\" src=\"https:\/\/edelmetallshop-wuerzburg.de\/wp-content\/uploads\/2024\/09\/KeOg7k9TI8luGJPso7LgLQoxVfZrS4rA88M5Tdi7.png\" class=\"attachment-full size-full wp-image-62\" alt=\"The Perth mint australia - goldener Schwan\" srcset=\"https:\/\/edelmetallshop-wuerzburg.de\/wp-content\/uploads\/2024\/09\/KeOg7k9TI8luGJPso7LgLQoxVfZrS4rA88M5Tdi7.png 186w, https:\/\/edelmetallshop-wuerzburg.de\/wp-content\/uploads\/2024\/09\/KeOg7k9TI8luGJPso7LgLQoxVfZrS4rA88M5Tdi7-150x150.png 150w\" sizes=\"(max-width: 186px) 100vw, 186px\" \/>\t\t\t\t\t\t\t\t\t\t\t\t\t\t\t<\/div>\n\t\t\t\t<\/div>\n\t\t\t\t\t<\/div>\n\t\t\t\t<\/div>\n\t\t\t\t\t\t\t\t<\/div>\n\t\t\t\t\t\t\t\t\t\t\t<div class=\"swiper-slide\" data-slide=\"3\" role=\"group\" aria-roledescription=\"slide\" aria-label=\"3 von 9\">\n\t\t\t\t\t\t\t<div class=\"elementor-element elementor-element-1813a432 e-flex e-con-boxed e-con e-child\" data-id=\"1813a432\" data-element_type=\"container\">\n\t\t\t\t\t<div class=\"e-con-inner\">\n\t\t\t\t<div class=\"elementor-element elementor-element-23ca9867 elementor-widget elementor-widget-image\" data-id=\"23ca9867\" data-element_type=\"widget\" data-widget_type=\"image.default\">\n\t\t\t\t<div class=\"elementor-widget-container\">\n\t\t\t\t\t\t\t\t\t\t\t\t\t\t\t<img loading=\"lazy\" decoding=\"async\" width=\"186\" height=\"186\" src=\"https:\/\/edelmetallshop-wuerzburg.de\/wp-content\/uploads\/2024\/09\/Jkqweo1nDn3R1aBOjT5KXnMdMuk1qK5J08MdF3Eg.png\" class=\"attachment-full size-full wp-image-63\" alt=\"Heraeus\" srcset=\"https:\/\/edelmetallshop-wuerzburg.de\/wp-content\/uploads\/2024\/09\/Jkqweo1nDn3R1aBOjT5KXnMdMuk1qK5J08MdF3Eg.png 186w, https:\/\/edelmetallshop-wuerzburg.de\/wp-content\/uploads\/2024\/09\/Jkqweo1nDn3R1aBOjT5KXnMdMuk1qK5J08MdF3Eg-150x150.png 150w\" sizes=\"(max-width: 186px) 100vw, 186px\" \/>\t\t\t\t\t\t\t\t\t\t\t\t\t\t\t<\/div>\n\t\t\t\t<\/div>\n\t\t\t\t\t<\/div>\n\t\t\t\t<\/div>\n\t\t\t\t\t\t\t\t<\/div>\n\t\t\t\t\t\t\t\t\t\t\t<div class=\"swiper-slide\" data-slide=\"4\" role=\"group\" aria-roledescription=\"slide\" aria-label=\"4 von 9\">\n\t\t\t\t\t\t\t<div class=\"elementor-element elementor-element-3fdf402e e-flex e-con-boxed e-con e-child\" data-id=\"3fdf402e\" data-element_type=\"container\">\n\t\t\t\t\t<div class=\"e-con-inner\">\n\t\t\t\t<div class=\"elementor-element elementor-element-6ac83fef elementor-widget elementor-widget-image\" data-id=\"6ac83fef\" data-element_type=\"widget\" data-widget_type=\"image.default\">\n\t\t\t\t<div class=\"elementor-widget-container\">\n\t\t\t\t\t\t\t\t\t\t\t\t\t\t\t<img loading=\"lazy\" decoding=\"async\" width=\"186\" height=\"186\" src=\"https:\/\/edelmetallshop-wuerzburg.de\/wp-content\/uploads\/2024\/09\/HKv4xYcbMv6kcCeBIhfR3X7UGqLxgNwGKXBYCjF9.png\" class=\"attachment-full size-full wp-image-64\" alt=\"Valcambi Suisse\" srcset=\"https:\/\/edelmetallshop-wuerzburg.de\/wp-content\/uploads\/2024\/09\/HKv4xYcbMv6kcCeBIhfR3X7UGqLxgNwGKXBYCjF9.png 186w, https:\/\/edelmetallshop-wuerzburg.de\/wp-content\/uploads\/2024\/09\/HKv4xYcbMv6kcCeBIhfR3X7UGqLxgNwGKXBYCjF9-150x150.png 150w\" sizes=\"(max-width: 186px) 100vw, 186px\" \/>\t\t\t\t\t\t\t\t\t\t\t\t\t\t\t<\/div>\n\t\t\t\t<\/div>\n\t\t\t\t\t<\/div>\n\t\t\t\t<\/div>\n\t\t\t\t\t\t\t\t<\/div>\n\t\t\t\t\t\t\t\t\t\t\t<div class=\"swiper-slide\" data-slide=\"5\" role=\"group\" aria-roledescription=\"slide\" aria-label=\"5 von 9\">\n\t\t\t\t\t\t\t<div class=\"elementor-element elementor-element-4715fc71 e-flex e-con-boxed e-con e-child\" data-id=\"4715fc71\" data-element_type=\"container\">\n\t\t\t\t\t<div class=\"e-con-inner\">\n\t\t\t\t<div class=\"elementor-element elementor-element-3e200c0a elementor-widget elementor-widget-image\" data-id=\"3e200c0a\" data-element_type=\"widget\" data-widget_type=\"image.default\">\n\t\t\t\t<div class=\"elementor-widget-container\">\n\t\t\t\t\t\t\t\t\t\t\t\t\t\t\t<img loading=\"lazy\" decoding=\"async\" width=\"186\" height=\"186\" src=\"https:\/\/edelmetallshop-wuerzburg.de\/wp-content\/uploads\/2024\/09\/67SSQaVVIAwglYudyWvRqfkTHFEMwrJ1QrMqsezJ.png\" class=\"attachment-full size-full wp-image-65\" alt=\"Umicore\" srcset=\"https:\/\/edelmetallshop-wuerzburg.de\/wp-content\/uploads\/2024\/09\/67SSQaVVIAwglYudyWvRqfkTHFEMwrJ1QrMqsezJ.png 186w, https:\/\/edelmetallshop-wuerzburg.de\/wp-content\/uploads\/2024\/09\/67SSQaVVIAwglYudyWvRqfkTHFEMwrJ1QrMqsezJ-150x150.png 150w\" sizes=\"(max-width: 186px) 100vw, 186px\" \/>\t\t\t\t\t\t\t\t\t\t\t\t\t\t\t<\/div>\n\t\t\t\t<\/div>\n\t\t\t\t\t<\/div>\n\t\t\t\t<\/div>\n\t\t\t\t\t\t\t\t<\/div>\n\t\t\t\t\t\t\t\t\t\t\t<div class=\"swiper-slide\" data-slide=\"6\" role=\"group\" aria-roledescription=\"slide\" aria-label=\"6 von 9\">\n\t\t\t\t\t\t\t<div class=\"elementor-element elementor-element-63ec9395 e-flex e-con-boxed e-con e-child\" data-id=\"63ec9395\" data-element_type=\"container\">\n\t\t\t\t\t<div class=\"e-con-inner\">\n\t\t\t\t<div class=\"elementor-element elementor-element-2dea3139 elementor-widget elementor-widget-image\" data-id=\"2dea3139\" data-element_type=\"widget\" data-widget_type=\"image.default\">\n\t\t\t\t<div class=\"elementor-widget-container\">\n\t\t\t\t\t\t\t\t\t\t\t\t\t\t\t<img loading=\"lazy\" decoding=\"async\" width=\"186\" height=\"186\" src=\"https:\/\/edelmetallshop-wuerzburg.de\/wp-content\/uploads\/2024\/09\/IDuv1SjxDdXMEPNK3YFUWoL17rDK8MYVdS1ujULa.png\" class=\"attachment-full size-full wp-image-66\" alt=\"Royal Canadian Mint Logo\" srcset=\"https:\/\/edelmetallshop-wuerzburg.de\/wp-content\/uploads\/2024\/09\/IDuv1SjxDdXMEPNK3YFUWoL17rDK8MYVdS1ujULa.png 186w, https:\/\/edelmetallshop-wuerzburg.de\/wp-content\/uploads\/2024\/09\/IDuv1SjxDdXMEPNK3YFUWoL17rDK8MYVdS1ujULa-150x150.png 150w\" sizes=\"(max-width: 186px) 100vw, 186px\" \/>\t\t\t\t\t\t\t\t\t\t\t\t\t\t\t<\/div>\n\t\t\t\t<\/div>\n\t\t\t\t\t<\/div>\n\t\t\t\t<\/div>\n\t\t\t\t\t\t\t\t<\/div>\n\t\t\t\t\t\t\t\t\t\t\t<div class=\"swiper-slide\" data-slide=\"7\" role=\"group\" aria-roledescription=\"slide\" aria-label=\"7 von 9\">\n\t\t\t\t\t\t\t<div class=\"elementor-element elementor-element-65b5c6ed e-flex e-con-boxed e-con e-child\" data-id=\"65b5c6ed\" data-element_type=\"container\">\n\t\t\t\t\t<div class=\"e-con-inner\">\n\t\t\t\t<div class=\"elementor-element elementor-element-5d752d14 elementor-widget elementor-widget-image\" data-id=\"5d752d14\" data-element_type=\"widget\" data-widget_type=\"image.default\">\n\t\t\t\t<div class=\"elementor-widget-container\">\n\t\t\t\t\t\t\t\t\t\t\t\t\t\t\t<img loading=\"lazy\" decoding=\"async\" width=\"186\" height=\"186\" src=\"https:\/\/edelmetallshop-wuerzburg.de\/wp-content\/uploads\/2024\/09\/RbSqRvegOZDjTAK8qpE6fAF5Vu13eLKGNtFzmzY7.png\" class=\"attachment-full size-full wp-image-67\" alt=\"M\u00fcnze \u00d6sterreich\" srcset=\"https:\/\/edelmetallshop-wuerzburg.de\/wp-content\/uploads\/2024\/09\/RbSqRvegOZDjTAK8qpE6fAF5Vu13eLKGNtFzmzY7.png 186w, https:\/\/edelmetallshop-wuerzburg.de\/wp-content\/uploads\/2024\/09\/RbSqRvegOZDjTAK8qpE6fAF5Vu13eLKGNtFzmzY7-150x150.png 150w\" sizes=\"(max-width: 186px) 100vw, 186px\" \/>\t\t\t\t\t\t\t\t\t\t\t\t\t\t\t<\/div>\n\t\t\t\t<\/div>\n\t\t\t\t\t<\/div>\n\t\t\t\t<\/div>\n\t\t\t\t\t\t\t\t<\/div>\n\t\t\t\t\t\t\t\t\t\t\t<div class=\"swiper-slide\" data-slide=\"8\" role=\"group\" aria-roledescription=\"slide\" aria-label=\"8 von 9\">\n\t\t\t\t\t\t\t<div class=\"elementor-element elementor-element-19414fd1 e-flex e-con-boxed e-con e-child\" data-id=\"19414fd1\" data-element_type=\"container\">\n\t\t\t\t\t<div class=\"e-con-inner\">\n\t\t\t\t<div class=\"elementor-element elementor-element-72350811 elementor-widget elementor-widget-image\" data-id=\"72350811\" data-element_type=\"widget\" data-widget_type=\"image.default\">\n\t\t\t\t<div class=\"elementor-widget-container\">\n\t\t\t\t\t\t\t\t\t\t\t\t\t\t\t<img loading=\"lazy\" decoding=\"async\" width=\"186\" height=\"186\" src=\"https:\/\/edelmetallshop-wuerzburg.de\/wp-content\/uploads\/2024\/09\/eOI4LfhL77NDYyBim77br9q92pk2aQThGCbIXmvc.png\" class=\"attachment-full size-full wp-image-68\" alt=\"Rand refinery\" srcset=\"https:\/\/edelmetallshop-wuerzburg.de\/wp-content\/uploads\/2024\/09\/eOI4LfhL77NDYyBim77br9q92pk2aQThGCbIXmvc.png 186w, https:\/\/edelmetallshop-wuerzburg.de\/wp-content\/uploads\/2024\/09\/eOI4LfhL77NDYyBim77br9q92pk2aQThGCbIXmvc-150x150.png 150w\" sizes=\"(max-width: 186px) 100vw, 186px\" \/>\t\t\t\t\t\t\t\t\t\t\t\t\t\t\t<\/div>\n\t\t\t\t<\/div>\n\t\t\t\t\t<\/div>\n\t\t\t\t<\/div>\n\t\t\t\t\t\t\t\t<\/div>\n\t\t\t\t\t\t\t\t\t\t\t<div class=\"swiper-slide\" data-slide=\"9\" role=\"group\" aria-roledescription=\"slide\" aria-label=\"9 von 9\">\n\t\t\t\t\t\t\t<div class=\"elementor-element elementor-element-703dc898 e-flex e-con-boxed e-con e-child\" data-id=\"703dc898\" data-element_type=\"container\">\n\t\t\t\t\t<div class=\"e-con-inner\">\n\t\t\t\t<div class=\"elementor-element elementor-element-29aff946 elementor-widget elementor-widget-image\" data-id=\"29aff946\" data-element_type=\"widget\" data-widget_type=\"image.default\">\n\t\t\t\t<div class=\"elementor-widget-container\">\n\t\t\t\t\t\t\t\t\t\t\t\t\t\t\t<img loading=\"lazy\" decoding=\"async\" width=\"186\" height=\"186\" src=\"https:\/\/edelmetallshop-wuerzburg.de\/wp-content\/uploads\/2024\/09\/hOgEFFVGtvqvyCuF2uSWcz98P8K5ffe2hrkOuNnI.png\" class=\"attachment-full size-full wp-image-69\" alt=\"United States Mint Logo\" srcset=\"https:\/\/edelmetallshop-wuerzburg.de\/wp-content\/uploads\/2024\/09\/hOgEFFVGtvqvyCuF2uSWcz98P8K5ffe2hrkOuNnI.png 186w, https:\/\/edelmetallshop-wuerzburg.de\/wp-content\/uploads\/2024\/09\/hOgEFFVGtvqvyCuF2uSWcz98P8K5ffe2hrkOuNnI-150x150.png 150w\" sizes=\"(max-width: 186px) 100vw, 186px\" \/>\t\t\t\t\t\t\t\t\t\t\t\t\t\t\t<\/div>\n\t\t\t\t<\/div>\n\t\t\t\t\t<\/div>\n\t\t\t\t<\/div>\n\t\t\t\t\t\t\t\t<\/div>\n\t\t\t\t\t\t\t\t<\/div>\n\t\t<\/div>\n\t\t\t\t\t\t<\/div>\n\t\t\t\t<\/div>\n\t\t\t\t\t<\/div>\n\t\t\t\t<\/div>\n\t\t\t\t<\/div>\n\t\t","protected":false},"excerpt":{"rendered":"<p>Lorem Ipsum Lorem Ipsum Lorem Ipsum\u00a0is simply dummy text of the printing and typesetting industry. Lorem Ipsum has been the industry&#8217;s standard dummy text ever since the 1500s, when an unknown printer took a galley of type and scrambled it to make a type specimen book. It has survived not only five centuries, but also [&hellip;]<\/p>\n","protected":false},"author":4,"featured_media":0,"parent":0,"menu_order":0,"comment_status":"closed","ping_status":"closed","template":"","meta":{"_seopress_robots_primary_cat":"0","_seopress_titles_title":"Aktuelle Preisliste f\u00fcr Gold & Silber Produkte","_seopress_titles_desc":"Preisliste: Gold, Silber, Platin & Palladium im \u00dcberblick. Immer aktuell, diskrete Beratung. Newsletter f\u00fcr exklusive Angebote & Marktanalysen.","_seopress_robots_index":"","footnotes":""},"class_list":["post-1153","page","type-page","status-publish","hentry"],"_links":{"self":[{"href":"https:\/\/edelmetallshop-wuerzburg.de\/index.php\/wp-json\/wp\/v2\/pages\/1153","targetHints":{"allow":["GET"]}}],"collection":[{"href":"https:\/\/edelmetallshop-wuerzburg.de\/index.php\/wp-json\/wp\/v2\/pages"}],"about":[{"href":"https:\/\/edelmetallshop-wuerzburg.de\/index.php\/wp-json\/wp\/v2\/types\/page"}],"author":[{"embeddable":true,"href":"https:\/\/edelmetallshop-wuerzburg.de\/index.php\/wp-json\/wp\/v2\/users\/4"}],"replies":[{"embeddable":true,"href":"https:\/\/edelmetallshop-wuerzburg.de\/index.php\/wp-json\/wp\/v2\/comments?post=1153"}],"version-history":[{"count":4,"href":"https:\/\/edelmetallshop-wuerzburg.de\/index.php\/wp-json\/wp\/v2\/pages\/1153\/revisions"}],"predecessor-version":[{"id":1157,"href":"https:\/\/edelmetallshop-wuerzburg.de\/index.php\/wp-json\/wp\/v2\/pages\/1153\/revisions\/1157"}],"wp:attachment":[{"href":"https:\/\/edelmetallshop-wuerzburg.de\/index.php\/wp-json\/wp\/v2\/media?parent=1153"}],"curies":[{"name":"wp","href":"https:\/\/api.w.org\/{rel}","templated":true}]}}