{"id":1182,"date":"2025-09-22T06:33:45","date_gmt":"2025-09-22T06:33:45","guid":{"rendered":"https:\/\/edelmetallshop-wuerzburg.de\/?page_id=1182"},"modified":"2025-10-23T10:59:26","modified_gmt":"2025-10-23T10:59:26","slug":"blogs","status":"publish","type":"page","link":"https:\/\/edelmetallshop-wuerzburg.de\/index.php\/blogs\/","title":{"rendered":"Blogs"},"content":{"rendered":"\t\t<div data-elementor-type=\"wp-page\" data-elementor-id=\"1182\" class=\"elementor elementor-1182\" data-elementor-post-type=\"page\">\n\t\t\t\t<div class=\"elementor-element elementor-element-30a939a7 e-flex e-con-boxed e-con e-parent\" data-id=\"30a939a7\" data-element_type=\"container\">\n\t\t\t\t\t<div class=\"e-con-inner\">\n\t\t\t\t<div class=\"elementor-element elementor-element-f221fdc elementor-grid-eael-col-3 elementor-grid-tablet-eael-col-2 elementor-grid-mobile-eael-col-1 elementor-widget elementor-widget-eael-post-grid\" data-id=\"f221fdc\" data-element_type=\"widget\" data-settings=\"{&quot;eael_post_grid_columns&quot;:&quot;eael-col-3&quot;,&quot;eael_post_grid_columns_tablet&quot;:&quot;eael-col-2&quot;,&quot;eael_post_grid_columns_mobile&quot;:&quot;eael-col-1&quot;}\" data-widget_type=\"eael-post-grid.default\">\n\t\t\t\t<div class=\"elementor-widget-container\">\n\t\t\t\t\t<div id=\"eael-post-grid-f221fdc\" class=\"eael-post-grid-container\">\n            <div class=\"eael-post-grid eael-post-appender eael-post-appender-f221fdc eael-post-grid-style-three\" data-layout-mode=\"masonry\"><article class=\"eael-grid-post eael-post-grid-column\" data-id=\"1289\">\n        <div class=\"eael-grid-post-holder\">\n            <div class=\"eael-grid-post-holder-inner\"><div class=\"eael-entry-media\"><div class=\"eael-entry-overlay fade-in\"><i class=\"fas fa-long-arrow-alt-right\" aria-hidden=\"true\"><\/i><a href=\"https:\/\/edelmetallshop-wuerzburg.de\/index.php\/2025\/10\/22\/gold-verkaufen-oder-halten-was-jetzt-fuer-anleger-wirklich-wichtig-ist\/\"><\/a><\/div><div class=\"eael-entry-thumbnail \">\n                 <img fetchpriority=\"high\" decoding=\"async\" width=\"300\" height=\"200\" src=\"https:\/\/edelmetallshop-wuerzburg.de\/wp-content\/uploads\/2025\/10\/business-people-on-abstract-golden-5-star-rating-o-2025-10-15-03-06-59-utc-300x200.jpg\" class=\"attachment-medium size-medium wp-image-1290\" alt=\"Menschen stehen auf goldenen Sternen unterschiedlicher Gr\u00f6\u00dfe.\" srcset=\"https:\/\/edelmetallshop-wuerzburg.de\/wp-content\/uploads\/2025\/10\/business-people-on-abstract-golden-5-star-rating-o-2025-10-15-03-06-59-utc-300x200.jpg 300w, https:\/\/edelmetallshop-wuerzburg.de\/wp-content\/uploads\/2025\/10\/business-people-on-abstract-golden-5-star-rating-o-2025-10-15-03-06-59-utc-1024x683.jpg 1024w, https:\/\/edelmetallshop-wuerzburg.de\/wp-content\/uploads\/2025\/10\/business-people-on-abstract-golden-5-star-rating-o-2025-10-15-03-06-59-utc-768x512.jpg 768w, https:\/\/edelmetallshop-wuerzburg.de\/wp-content\/uploads\/2025\/10\/business-people-on-abstract-golden-5-star-rating-o-2025-10-15-03-06-59-utc-1536x1024.jpg 1536w, https:\/\/edelmetallshop-wuerzburg.de\/wp-content\/uploads\/2025\/10\/business-people-on-abstract-golden-5-star-rating-o-2025-10-15-03-06-59-utc-2048x1365.jpg 2048w\" sizes=\"(max-width: 300px) 100vw, 300px\" \/>\n             <\/div>\n        <\/div><div class=\"eael-entry-wrapper\"><header class=\"eael-entry-header\"><h2 class=\"eael-entry-title\"><a class=\"eael-grid-post-link\" href=\"https:\/\/edelmetallshop-wuerzburg.de\/index.php\/2025\/10\/22\/gold-verkaufen-oder-halten-was-jetzt-fuer-anleger-wirklich-wichtig-ist\/\" title=\"Gold verkaufen oder halten? Was jetzt f\u00fcr Anleger wirklich wichtig ist\">Gold verkaufen oder halten? Was jetzt f\u00fcr Anleger wirklich wichtig ist<\/a><\/h2><\/header><div class=\"eael-entry-meta\"><span class=\"eael-posted-on\"><time datetime=\"Oktober 22, 2025\">Oktober 22, 2025<\/time><\/span><\/div><div class=\"eael-entry-content\">\n                        <div class=\"eael-grid-post-excerpt\"><p>Der Goldpreis ist in den letzten Monaten stark gestiegen \u2013...<\/p><a href=\"https:\/\/edelmetallshop-wuerzburg.de\/index.php\/2025\/10\/22\/gold-verkaufen-oder-halten-was-jetzt-fuer-anleger-wirklich-wichtig-ist\/\" class=\"eael-post-elements-readmore-btn\">Weiterlesen<\/a><\/div>\n                    <\/div><\/div><\/div>\n        <\/div>\n    <\/article><article class=\"eael-grid-post eael-post-grid-column\" data-id=\"1203\">\n        <div class=\"eael-grid-post-holder\">\n            <div class=\"eael-grid-post-holder-inner\"><div class=\"eael-entry-media\"><div class=\"eael-entry-overlay fade-in\"><i class=\"fas fa-long-arrow-alt-right\" aria-hidden=\"true\"><\/i><a href=\"https:\/\/edelmetallshop-wuerzburg.de\/index.php\/2025\/09\/22\/paradigmenwechsel-bei-der-geldanlage-morgan-stanley-setzt-auf-gold\/\"><\/a><\/div><div class=\"eael-entry-thumbnail \">\n                 <img alt=\"\" decoding=\"async\" width=\"300\" height=\"200\" src=\"https:\/\/edelmetallshop-wuerzburg.de\/wp-content\/uploads\/2025\/09\/sven-piper-elpgvwYXRDQ-unsplash1-300x200.jpg\" class=\"attachment-medium size-medium wp-image-1227\" alt=\"\" srcset=\"https:\/\/edelmetallshop-wuerzburg.de\/wp-content\/uploads\/2025\/09\/sven-piper-elpgvwYXRDQ-unsplash1-300x200.jpg 300w, https:\/\/edelmetallshop-wuerzburg.de\/wp-content\/uploads\/2025\/09\/sven-piper-elpgvwYXRDQ-unsplash1-1024x683.jpg 1024w, https:\/\/edelmetallshop-wuerzburg.de\/wp-content\/uploads\/2025\/09\/sven-piper-elpgvwYXRDQ-unsplash1-768x512.jpg 768w, https:\/\/edelmetallshop-wuerzburg.de\/wp-content\/uploads\/2025\/09\/sven-piper-elpgvwYXRDQ-unsplash1-1536x1024.jpg 1536w, https:\/\/edelmetallshop-wuerzburg.de\/wp-content\/uploads\/2025\/09\/sven-piper-elpgvwYXRDQ-unsplash1-2048x1365.jpg 2048w\" sizes=\"(max-width: 300px) 100vw, 300px\" \/>\n             <\/div>\n        <\/div><div class=\"eael-entry-wrapper\"><header class=\"eael-entry-header\"><h2 class=\"eael-entry-title\"><a class=\"eael-grid-post-link\" href=\"https:\/\/edelmetallshop-wuerzburg.de\/index.php\/2025\/09\/22\/paradigmenwechsel-bei-der-geldanlage-morgan-stanley-setzt-auf-gold\/\" title=\"Paradigmenwechsel bei der Geldanlage Morgan Stanley setzt auf Gold\">Paradigmenwechsel bei der Geldanlage Morgan Stanley setzt auf Gold<\/a><\/h2><\/header><div class=\"eael-entry-meta\"><span class=\"eael-posted-on\"><time datetime=\"September 22, 2025\">September 22, 2025<\/time><\/span><\/div><div class=\"eael-entry-content\">\n                        <div class=\"eael-grid-post-excerpt\"><p>Die Investmentwelt erlebt einen Paradigmenwechsel: Statt der klassischen 60\/40-Strategie (60...<\/p><a href=\"https:\/\/edelmetallshop-wuerzburg.de\/index.php\/2025\/09\/22\/paradigmenwechsel-bei-der-geldanlage-morgan-stanley-setzt-auf-gold\/\" class=\"eael-post-elements-readmore-btn\">Weiterlesen<\/a><\/div>\n                    <\/div><\/div><\/div>\n        <\/div>\n    <\/article><article class=\"eael-grid-post eael-post-grid-column\" data-id=\"1202\">\n        <div class=\"eael-grid-post-holder\">\n            <div class=\"eael-grid-post-holder-inner\"><div class=\"eael-entry-media\"><div class=\"eael-entry-overlay fade-in\"><i class=\"fas fa-long-arrow-alt-right\" aria-hidden=\"true\"><\/i><a href=\"https:\/\/edelmetallshop-wuerzburg.de\/index.php\/2025\/09\/22\/goldrausch-2025-warum-das-edelmetall-auf-dem-staerksten-bullenlauf-seit-jahrzehnten-ist-und-was-das-fuer-anleger-in-wuerzburg-bedeutet\/\"><\/a><\/div><div class=\"eael-entry-thumbnail \">\n                 <img decoding=\"async\" width=\"300\" height=\"200\" src=\"https:\/\/edelmetallshop-wuerzburg.de\/wp-content\/uploads\/2025\/09\/gold-bar-on-us-dollar-banknotes-money-and-graph-e-2025-02-24-13-38-14-utc-300x200.jpg\" class=\"attachment-medium size-medium wp-image-1228\" alt=\"Goldbarren auf Dollarnoten und Diagrammen liegend.\" srcset=\"https:\/\/edelmetallshop-wuerzburg.de\/wp-content\/uploads\/2025\/09\/gold-bar-on-us-dollar-banknotes-money-and-graph-e-2025-02-24-13-38-14-utc-300x200.jpg 300w, https:\/\/edelmetallshop-wuerzburg.de\/wp-content\/uploads\/2025\/09\/gold-bar-on-us-dollar-banknotes-money-and-graph-e-2025-02-24-13-38-14-utc-1024x683.jpg 1024w, https:\/\/edelmetallshop-wuerzburg.de\/wp-content\/uploads\/2025\/09\/gold-bar-on-us-dollar-banknotes-money-and-graph-e-2025-02-24-13-38-14-utc-768x512.jpg 768w, https:\/\/edelmetallshop-wuerzburg.de\/wp-content\/uploads\/2025\/09\/gold-bar-on-us-dollar-banknotes-money-and-graph-e-2025-02-24-13-38-14-utc-1536x1024.jpg 1536w, https:\/\/edelmetallshop-wuerzburg.de\/wp-content\/uploads\/2025\/09\/gold-bar-on-us-dollar-banknotes-money-and-graph-e-2025-02-24-13-38-14-utc-2048x1365.jpg 2048w\" sizes=\"(max-width: 300px) 100vw, 300px\" \/>\n             <\/div>\n        <\/div><div class=\"eael-entry-wrapper\"><header class=\"eael-entry-header\"><h2 class=\"eael-entry-title\"><a class=\"eael-grid-post-link\" href=\"https:\/\/edelmetallshop-wuerzburg.de\/index.php\/2025\/09\/22\/goldrausch-2025-warum-das-edelmetall-auf-dem-staerksten-bullenlauf-seit-jahrzehnten-ist-und-was-das-fuer-anleger-in-wuerzburg-bedeutet\/\" title=\"Goldrausch 2025: Warum das Edelmetall auf dem st\u00e4rksten Bullenlauf seit Jahrzehnten ist und was das f\u00fcr Anleger in W\u00fcrzburg bedeutet\">Goldrausch 2025: Warum das Edelmetall auf dem st\u00e4rksten Bullenlauf seit Jahrzehnten ist und was das f\u00fcr Anleger in W\u00fcrzburg bedeutet<\/a><\/h2><\/header><div class=\"eael-entry-meta\"><span class=\"eael-posted-on\"><time datetime=\"September 22, 2025\">September 22, 2025<\/time><\/span><\/div><div class=\"eael-entry-content\">\n                        <div class=\"eael-grid-post-excerpt\"><p>Gold befindet sich 2025 auf einem historischen H\u00f6henflug. Mit einem...<\/p><a href=\"https:\/\/edelmetallshop-wuerzburg.de\/index.php\/2025\/09\/22\/goldrausch-2025-warum-das-edelmetall-auf-dem-staerksten-bullenlauf-seit-jahrzehnten-ist-und-was-das-fuer-anleger-in-wuerzburg-bedeutet\/\" class=\"eael-post-elements-readmore-btn\">Weiterlesen<\/a><\/div>\n                    <\/div><\/div><\/div>\n        <\/div>\n    <\/article><article class=\"eael-grid-post eael-post-grid-column\" data-id=\"1189\">\n        <div class=\"eael-grid-post-holder\">\n            <div class=\"eael-grid-post-holder-inner\"><div class=\"eael-entry-media\"><div class=\"eael-entry-overlay fade-in\"><i class=\"fas fa-long-arrow-alt-right\" aria-hidden=\"true\"><\/i><a href=\"https:\/\/edelmetallshop-wuerzburg.de\/index.php\/2025\/09\/22\/die-ezb-warnt-gold-koennte-das-finanzsystem-entlarven\/\"><\/a><\/div><div class=\"eael-entry-thumbnail \">\n                 <img loading=\"lazy\" decoding=\"async\" width=\"300\" height=\"200\" src=\"https:\/\/edelmetallshop-wuerzburg.de\/wp-content\/uploads\/2025\/09\/MetallorumEZB2-1-300x200.jpg\" class=\"attachment-medium size-medium wp-image-1229\" alt=\"Eurosymbol vor modernen Geb\u00e4uden in Frankfurt\" srcset=\"https:\/\/edelmetallshop-wuerzburg.de\/wp-content\/uploads\/2025\/09\/MetallorumEZB2-1-300x200.jpg 300w, https:\/\/edelmetallshop-wuerzburg.de\/wp-content\/uploads\/2025\/09\/MetallorumEZB2-1-1024x684.jpg 1024w, https:\/\/edelmetallshop-wuerzburg.de\/wp-content\/uploads\/2025\/09\/MetallorumEZB2-1-768x513.jpg 768w, https:\/\/edelmetallshop-wuerzburg.de\/wp-content\/uploads\/2025\/09\/MetallorumEZB2-1-1536x1025.jpg 1536w, https:\/\/edelmetallshop-wuerzburg.de\/wp-content\/uploads\/2025\/09\/MetallorumEZB2-1-2048x1367.jpg 2048w\" sizes=\"(max-width: 300px) 100vw, 300px\" \/>\n             <\/div>\n        <\/div><div class=\"eael-entry-wrapper\"><header class=\"eael-entry-header\"><h2 class=\"eael-entry-title\"><a class=\"eael-grid-post-link\" href=\"https:\/\/edelmetallshop-wuerzburg.de\/index.php\/2025\/09\/22\/die-ezb-warnt-gold-koennte-das-finanzsystem-entlarven\/\" title=\"Die EZB warnt: Gold k\u00f6nnte das Finanzsystem entlarven\">Die EZB warnt: Gold k\u00f6nnte das Finanzsystem entlarven<\/a><\/h2><\/header><div class=\"eael-entry-meta\"><span class=\"eael-posted-on\"><time datetime=\"September 22, 2025\">September 22, 2025<\/time><\/span><\/div><div class=\"eael-entry-content\">\n                        <div class=\"eael-grid-post-excerpt\"><p>In einem aktuellen Bericht hat die Europ\u00e4ische Zentralbank (EZB) etwas...<\/p><a href=\"https:\/\/edelmetallshop-wuerzburg.de\/index.php\/2025\/09\/22\/die-ezb-warnt-gold-koennte-das-finanzsystem-entlarven\/\" class=\"eael-post-elements-readmore-btn\">Weiterlesen<\/a><\/div>\n                    <\/div><\/div><\/div>\n        <\/div>\n    <\/article><\/div>\n            <div class=\"clearfix\"><\/div>\n        <\/div>\t\t\t\t<\/div>\n\t\t\t\t<\/div>\n\t\t\t\t\t<\/div>\n\t\t\t\t<\/div>\n\t\t\t\t<\/div>\n\t\t","protected":false},"excerpt":{"rendered":"<p>Gold verkaufen oder halten? Was jetzt f\u00fcr Anleger wirklich wichtig ist Oktober 22, 2025 Der Goldpreis ist in den letzten Monaten stark gestiegen \u2013&#8230; Weiterlesen Paradigmenwechsel bei der Geldanlage Morgan Stanley setzt auf Gold September 22, 2025 Die Investmentwelt erlebt einen Paradigmenwechsel: Statt der klassischen 60\/40-Strategie (60&#8230; Weiterlesen Goldrausch 2025: Warum das Edelmetall auf dem [&hellip;]<\/p>\n","protected":false},"author":4,"featured_media":0,"parent":0,"menu_order":0,"comment_status":"closed","ping_status":"closed","template":"","meta":{"_seopress_robots_primary_cat":"","_seopress_titles_title":"","_seopress_titles_desc":"","_seopress_robots_index":"","footnotes":""},"class_list":["post-1182","page","type-page","status-publish","hentry"],"_links":{"self":[{"href":"https:\/\/edelmetallshop-wuerzburg.de\/index.php\/wp-json\/wp\/v2\/pages\/1182","targetHints":{"allow":["GET"]}}],"collection":[{"href":"https:\/\/edelmetallshop-wuerzburg.de\/index.php\/wp-json\/wp\/v2\/pages"}],"about":[{"href":"https:\/\/edelmetallshop-wuerzburg.de\/index.php\/wp-json\/wp\/v2\/types\/page"}],"author":[{"embeddable":true,"href":"https:\/\/edelmetallshop-wuerzburg.de\/index.php\/wp-json\/wp\/v2\/users\/4"}],"replies":[{"embeddable":true,"href":"https:\/\/edelmetallshop-wuerzburg.de\/index.php\/wp-json\/wp\/v2\/comments?post=1182"}],"version-history":[{"count":13,"href":"https:\/\/edelmetallshop-wuerzburg.de\/index.php\/wp-json\/wp\/v2\/pages\/1182\/revisions"}],"predecessor-version":[{"id":1305,"href":"https:\/\/edelmetallshop-wuerzburg.de\/index.php\/wp-json\/wp\/v2\/pages\/1182\/revisions\/1305"}],"wp:attachment":[{"href":"https:\/\/edelmetallshop-wuerzburg.de\/index.php\/wp-json\/wp\/v2\/media?parent=1182"}],"curies":[{"name":"wp","href":"https:\/\/api.w.org\/{rel}","templated":true}]}}